{"id":957,"date":"2017-01-27T08:59:14","date_gmt":"2017-01-27T07:59:14","guid":{"rendered":"http:\/\/volksbanken-nightcup.de\/?page_id=957"},"modified":"2025-03-03T16:00:56","modified_gmt":"2025-03-03T15:00:56","slug":"die-6-laufe","status":"publish","type":"page","link":"http:\/\/volksbanken-nightcup.de\/?page_id=957","title":{"rendered":"die 6 L\u00e4ufe"},"content":{"rendered":"<p><strong>Diese 6 L\u00e4ufe z\u00e4hlen seit 20 Jahren zum Programm des Volksbanken-Nightcup &#8211; wohlgemerkt ausserhalb der Pandemie. In den Jahren 2020 und 2021 wurde und wird die Serie virtuell mit 4 Terminen durchgef\u00fchrt.<\/strong><\/p>\n<p>Mitte Mai &#8211; <strong>Klosterlauf Marienfeld<\/strong> 7,5km &#8211; Startzeit: 19.30 Uhr<br \/>\nEnde Mai &#8211; <strong>Volksbanken-Nightrun Harsewinkel<\/strong> 10km &#8211; Startzeit: 20.00 Uhr<\/p>\n<p>3. Samstag im Juni &#8211; <strong>Nacht von Borgholzhausen<\/strong> 10km &#8211; Startzeit: 21.30 Uhr<br \/>\nLetzter Freitag im Juni &#8211; <strong>Feuerwehrlauf Oesterweg<\/strong> 10km &#8211; Startzeit: 19.15 Uhr<br \/>\nEnde Juni\/Anfang Juli &#8211; <strong>Isselhorster Nacht<\/strong> 9,2km &#8211; Startzeit 21.30 Uhr<\/p>\n<p>Immer im September &#8211; Siegerehrung Brauerei Hohenfelde &#8211; Beginn 19.30 Uhr<\/p>\n","protected":false},"excerpt":{"rendered":"<p>Diese 6 L\u00e4ufe z\u00e4hlen seit 20 Jahren zum Programm des Volksbanken-Nightcup &#8211; wohlgemerkt ausserhalb der Pandemie. In den Jahren 2020 und 2021 wurde und wird die Serie virtuell mit 4 Terminen durchgef\u00fchrt. Mitte Mai &#8211; Klosterlauf Marienfeld 7,5km &#8211; Startzeit: 19.30 Uhr Ende Mai &#8211; Volksbanken-Nightrun Harsewinkel 10km &#8211; Startzeit: 20.00 Uhr 3. Samstag im&hellip;&nbsp;<a href=\"http:\/\/volksbanken-nightcup.de\/?page_id=957\" class=\"\" rel=\"bookmark\">Read More &raquo;<span class=\"screen-reader-text\">die 6 L\u00e4ufe<\/span><\/a><\/p>\n","protected":false},"author":2,"featured_media":0,"parent":0,"menu_order":0,"comment_status":"closed","ping_status":"closed","template":"","meta":{"neve_meta_sidebar":"","neve_meta_container":"","neve_meta_enable_content_width":"","neve_meta_content_width":0,"neve_meta_title_alignment":"","neve_meta_author_avatar":"","neve_post_elements_order":"","neve_meta_disable_header":"","neve_meta_disable_footer":"","neve_meta_disable_title":"","_ti_tpc_template_sync":false,"_ti_tpc_template_id":""},"_links":{"self":[{"href":"http:\/\/volksbanken-nightcup.de\/index.php?rest_route=\/wp\/v2\/pages\/957"}],"collection":[{"href":"http:\/\/volksbanken-nightcup.de\/index.php?rest_route=\/wp\/v2\/pages"}],"about":[{"href":"http:\/\/volksbanken-nightcup.de\/index.php?rest_route=\/wp\/v2\/types\/page"}],"author":[{"embeddable":true,"href":"http:\/\/volksbanken-nightcup.de\/index.php?rest_route=\/wp\/v2\/users\/2"}],"replies":[{"embeddable":true,"href":"http:\/\/volksbanken-nightcup.de\/index.php?rest_route=%2Fwp%2Fv2%2Fcomments&post=957"}],"version-history":[{"count":11,"href":"http:\/\/volksbanken-nightcup.de\/index.php?rest_route=\/wp\/v2\/pages\/957\/revisions"}],"predecessor-version":[{"id":2188,"href":"http:\/\/volksbanken-nightcup.de\/index.php?rest_route=\/wp\/v2\/pages\/957\/revisions\/2188"}],"wp:attachment":[{"href":"http:\/\/volksbanken-nightcup.de\/index.php?rest_route=%2Fwp%2Fv2%2Fmedia&parent=957"}],"curies":[{"name":"wp","href":"https:\/\/api.w.org\/{rel}","templated":true}]}}