{"id":9,"date":"2007-01-30T14:05:38","date_gmt":"2007-01-30T13:05:38","guid":{"rendered":"http:\/\/volksbanken-nightcup.de\/?page_id=9"},"modified":"2026-02-09T11:44:00","modified_gmt":"2026-02-09T10:44:00","slug":"anmeldung-2","status":"publish","type":"page","link":"http:\/\/volksbanken-nightcup.de\/?page_id=9","title":{"rendered":"Anmeldung"},"content":{"rendered":"\t\t<div data-elementor-type=\"wp-page\" data-elementor-id=\"9\" class=\"elementor elementor-9\">\n\t\t\t\t\t\t<div class=\"elementor-inner\">\n\t\t\t\t<div class=\"elementor-section-wrap\">\n\t\t\t\t\t\t\t\t\t<section class=\"elementor-section elementor-top-section elementor-element elementor-element-63f4b8b0 elementor-section-boxed elementor-section-height-default elementor-section-height-default wpr-particle-no wpr-jarallax-no wpr-parallax-no wpr-sticky-section-no\" data-id=\"63f4b8b0\" data-element_type=\"section\">\n\t\t\t\t\t\t<div class=\"elementor-container elementor-column-gap-default\">\n\t\t\t\t\t\t\t<div class=\"elementor-row\">\n\t\t\t\t\t<div class=\"elementor-column elementor-col-100 elementor-top-column elementor-element elementor-element-598d9e4c\" data-id=\"598d9e4c\" data-element_type=\"column\">\n\t\t\t<div class=\"elementor-column-wrap elementor-element-populated\">\n\t\t\t\t\t\t\t<div class=\"elementor-widget-wrap\">\n\t\t\t\t\t\t<div class=\"elementor-element elementor-element-4ea8ce6a elementor-widget elementor-widget-text-editor\" data-id=\"4ea8ce6a\" data-element_type=\"widget\" data-widget_type=\"text-editor.default\">\n\t\t\t\t<div class=\"elementor-widget-container\">\n\t\t\t\t\t\t\t\t<div class=\"elementor-text-editor elementor-clearfix\">\n\t\t\t\t<p>&lt;&gt;<strong>LINK zur Anmeldung 2026 &#8211; KLICK!<\/strong><\/p>\n<p><strong><a href=\"https:\/\/my.raceresult.com\/382439\/registration?regname=Einzel-Anmeldung\">https:\/\/my.raceresult.com\/382439\/registration?regname=Einzel-Anmeldung<\/a><\/strong><\/p>\n<p><br \/>Startgeb\u00fchr &#8220;Nightcup-Laufserie 2026&#8221;: Fr\u00fchbucherpreis <strong>bis 31. M\u00e4rz: 60,00 EUR<\/strong><br \/>ab 1. April: 68,00 EUR<\/p>\n<p>F\u00fcr Sammelmeldung bitte das Formular anfordern: rb@rb-medienservice.de<\/p>\n<p>Neue Bankverbindung ab 2025!<\/p>\n<p><strong>IBAN: DE41 4036 1906 7307 3075 00 \u2013<br \/>BIC GENODEM1CLL<\/strong><\/p>\n<p><strong>Volksbank im M\u00fcnsterland eG<\/strong><\/p>\n<p>\u00a0<\/p>\n<p><!-- wp:paragraph --><\/p>\n<p><!-- \/wp:paragraph --><\/p>\t\t\t\t\t<\/div>\n\t\t\t\t\t\t<\/div>\n\t\t\t\t<\/div>\n\t\t\t\t\t\t<\/div>\n\t\t\t\t\t<\/div>\n\t\t<\/div>\n\t\t\t\t\t\t\t\t<\/div>\n\t\t\t\t\t<\/div>\n\t\t<\/section>\n\t\t\t\t\t\t\t\t\t<\/div>\n\t\t\t<\/div>\n\t\t\t\t\t<\/div>\n\t\t","protected":false},"excerpt":{"rendered":"<p>&lt;&gt;LINK zur Anmeldung 2026 &#8211; KLICK! https:\/\/my.raceresult.com\/382439\/registration?regname=Einzel-Anmeldung Startgeb\u00fchr &#8220;Nightcup-Laufserie 2026&#8221;: Fr\u00fchbucherpreis bis 31. M\u00e4rz: 60,00 EURab 1. April: 68,00 EUR F\u00fcr Sammelmeldung bitte das Formular anfordern: rb@rb-medienservice.de Neue Bankverbindung ab 2025! IBAN: DE41 4036 1906 7307 3075 00 \u2013BIC GENODEM1CLL Volksbank im M\u00fcnsterland eG \u00a0<\/p>\n","protected":false},"author":2,"featured_media":0,"parent":0,"menu_order":0,"comment_status":"open","ping_status":"closed","template":"","meta":{"neve_meta_sidebar":"","neve_meta_container":"","neve_meta_enable_content_width":"","neve_meta_content_width":0,"neve_meta_title_alignment":"","neve_meta_author_avatar":"","neve_post_elements_order":"","neve_meta_disable_header":"","neve_meta_disable_footer":"","neve_meta_disable_title":"","_ti_tpc_template_sync":false,"_ti_tpc_template_id":""},"_links":{"self":[{"href":"http:\/\/volksbanken-nightcup.de\/index.php?rest_route=\/wp\/v2\/pages\/9"}],"collection":[{"href":"http:\/\/volksbanken-nightcup.de\/index.php?rest_route=\/wp\/v2\/pages"}],"about":[{"href":"http:\/\/volksbanken-nightcup.de\/index.php?rest_route=\/wp\/v2\/types\/page"}],"author":[{"embeddable":true,"href":"http:\/\/volksbanken-nightcup.de\/index.php?rest_route=\/wp\/v2\/users\/2"}],"replies":[{"embeddable":true,"href":"http:\/\/volksbanken-nightcup.de\/index.php?rest_route=%2Fwp%2Fv2%2Fcomments&post=9"}],"version-history":[{"count":38,"href":"http:\/\/volksbanken-nightcup.de\/index.php?rest_route=\/wp\/v2\/pages\/9\/revisions"}],"predecessor-version":[{"id":2377,"href":"http:\/\/volksbanken-nightcup.de\/index.php?rest_route=\/wp\/v2\/pages\/9\/revisions\/2377"}],"wp:attachment":[{"href":"http:\/\/volksbanken-nightcup.de\/index.php?rest_route=%2Fwp%2Fv2%2Fmedia&parent=9"}],"curies":[{"name":"wp","href":"https:\/\/api.w.org\/{rel}","templated":true}]}}